{"id":7,"date":"2021-12-14T14:58:02","date_gmt":"2021-12-14T14:58:02","guid":{"rendered":"http:\/\/superherosblues.com\/?page_id=7"},"modified":"2021-12-14T17:07:31","modified_gmt":"2021-12-14T17:07:31","slug":"accueil","status":"publish","type":"page","link":"https:\/\/superherosblues.com\/","title":{"rendered":"Super-H\u00e9ros Blues"},"content":{"rendered":"\n<p>D\u00e9couvrez mes films d&rsquo;animation :<\/p>\n\n\n\n<div class=\"wp-block-columns is-layout-flex wp-container-core-columns-is-layout-9d6595d7 wp-block-columns-is-layout-flex\">\n<div class=\"wp-block-column is-layout-flow wp-block-column-is-layout-flow\">\n<figure class=\"wp-block-embed is-type-video is-provider-youtube wp-block-embed-youtube wp-embed-aspect-4-3 wp-has-aspect-ratio\"><div class=\"wp-block-embed__wrapper\">\n<div class=\"tg-oembed-container\"><iframe loading=\"lazy\" title=\"Super Heros Blues 1 - stop-motion animation, Spiderman, Max Steel\" width=\"812\" height=\"609\" src=\"https:\/\/www.youtube.com\/embed\/JTWK7uvycJo?feature=oembed\" frameborder=\"0\" allow=\"accelerometer; autoplay; clipboard-write; encrypted-media; gyroscope; picture-in-picture\" allowfullscreen><\/iframe><\/div>\n<\/div><\/figure>\n\n\n\n<h2 class=\"wp-block-heading\">Super-H\u00e9ros Blues 1<\/h2>\n\n\n\n<p>Super-h\u00e9ros Blues 1 \u00ab\u00a0L&rsquo;enl\u00e8vement de Sabine\u00a0\u00bb est le premier film d&rsquo;animation en stop motion r\u00e9alis\u00e9 avec les moyens du bord et un sc\u00e9nario improvis\u00e9. <\/p>\n\n\n\n<p>Le film a re\u00e7u 9 r\u00e9compenses, (un Grand prix du Jury) et 5 nominations dans les festivals de courts-m\u00e9trages. Cit\u00e9 dans la presse (T\u00e9l\u00e9rama, Sud-Ouest, La R\u00e9publique), diffus\u00e9 \u00e0 la TV (Canal+, Direct 8) et diffus\u00e9 au Grand Palais dans le cadre de l&rsquo;expo &lsquo;Des jouets et des hommes&rsquo; (2011).<\/p>\n<\/div>\n\n\n\n<div class=\"wp-block-column is-layout-flow wp-block-column-is-layout-flow\">\n<figure class=\"wp-block-embed is-type-video is-provider-youtube wp-block-embed-youtube wp-embed-aspect-16-9 wp-has-aspect-ratio\"><div class=\"wp-block-embed__wrapper\">\n<div class=\"tg-oembed-container\"><iframe loading=\"lazy\" title=\"Super-h\u00e9ros blues 2 - stop-motion animation, Spiderman, Max Steel\" width=\"812\" height=\"457\" src=\"https:\/\/www.youtube.com\/embed\/il7hJFVb-0s?feature=oembed\" frameborder=\"0\" allow=\"accelerometer; autoplay; clipboard-write; encrypted-media; gyroscope; picture-in-picture\" allowfullscreen><\/iframe><\/div>\n<\/div><\/figure>\n\n\n\n<h2 class=\"wp-block-heading\">Super-H\u00e9ros Blues 2<\/h2>\n\n\n\n<p>Super-h\u00e9ros blues 2 \u00ab\u00a0Les bijoux de famille\u00a0\u00bb est la suite du premier opus. Plus long et travaill\u00e9, il m&rsquo;a permis d&rsquo;aller plus loin et d&rsquo;exp\u00e9rimenter de nouvelles choses. <br><br>Le film a re\u00e7u 3 prix, 7 nominations, 4 s\u00e9lections pour le programme p\u00e9dagogique, notamment au Festival International de Clermont-Ferrand. Diffusion au Grand Palais dans le cadre de l&rsquo;expo &lsquo;Des jouets et des hommes&rsquo; (2011).<\/p>\n\n\n\n<p>Si son succ\u00e8s a \u00e9t\u00e9 moindre dans les festivals, c&rsquo;est l&rsquo;\u00e9pisode qui conna\u00eet le plus grand nombre de visionnages sur youtube.<\/p>\n<\/div>\n\n\n\n<div class=\"wp-block-column is-layout-flow wp-block-column-is-layout-flow\">\n<figure class=\"wp-block-embed is-type-video is-provider-youtube wp-block-embed-youtube wp-embed-aspect-16-9 wp-has-aspect-ratio\"><div class=\"wp-block-embed__wrapper\">\n<div class=\"tg-oembed-container\"><iframe loading=\"lazy\" title=\"Super-h\u00e9ros blues 3 - stop motion animation Spiderman Max Steel\" width=\"812\" height=\"457\" src=\"https:\/\/www.youtube.com\/embed\/HXmFGDLL1yc?feature=oembed\" frameborder=\"0\" allow=\"accelerometer; autoplay; clipboard-write; encrypted-media; gyroscope; picture-in-picture\" allowfullscreen><\/iframe><\/div>\n<\/div><\/figure>\n\n\n\n<h2 class=\"wp-block-heading\">Super-H\u00e9ros Blues 3<\/h2>\n\n\n\n<p>Super-h\u00e9ros blues 3 \u00ab\u00a0La vengeance d&rsquo;Electron-man\u00a0\u00bb est le troisi\u00e8me opus de la s\u00e9rie \u00ab\u00a0Super-h\u00e9ros blues\u00a0\u00bb.<\/p>\n\n\n\n<p>R\u00e9alis\u00e9 10 ans apr\u00e8s l&rsquo;\u00e9pisode 2 suite aux encouragements de mes proches, il conna\u00eet une belle \u00ab\u00a0carri\u00e8re\u00a0\u00bb sur Youtube, compte plusieurs dizaines de milliers de vues \u00e0 l&rsquo;heure o\u00f9 j&rsquo;\u00e9cris ces lignes et les commentaires laiss\u00e9s r\u00e9clament souvent un 4\u00e8me \u00e9pisode ! <\/p>\n<\/div>\n<\/div>\n","protected":false},"excerpt":{"rendered":"<p>D\u00e9couvrez mes films d&rsquo;animation : Super-H\u00e9ros Blues 1 Super-h\u00e9ros Blues 1 \u00ab\u00a0L&rsquo;enl\u00e8vement de Sabine\u00a0\u00bb est le premier film d&rsquo;animation en stop motion r\u00e9alis\u00e9 avec les moyens du bord et un sc\u00e9nario improvis\u00e9. Le film a re\u00e7u 9 r\u00e9compenses, (un Grand prix du Jury) et 5 nominations dans les festivals de courts-m\u00e9trages. Cit\u00e9 dans la presse [&hellip;]<\/p>\n","protected":false},"author":1,"featured_media":0,"parent":0,"menu_order":0,"comment_status":"closed","ping_status":"closed","template":"","meta":{"footnotes":""},"class_list":["post-7","page","type-page","status-publish","hentry"],"yoast_head":"<!-- This site is optimized with the Yoast SEO plugin v27.4 - https:\/\/yoast.com\/product\/yoast-seo-wordpress\/ -->\n<title>Super-H\u00e9ros Blues - Super-H\u00e9ros Blues<\/title>\n<meta name=\"robots\" content=\"index, follow, max-snippet:-1, max-image-preview:large, max-video-preview:-1\" \/>\n<link rel=\"canonical\" href=\"http:\/\/superherosblues.com\/\" \/>\n<meta property=\"og:locale\" content=\"fr_FR\" \/>\n<meta property=\"og:type\" content=\"article\" \/>\n<meta property=\"og:title\" content=\"Super-H\u00e9ros Blues - Super-H\u00e9ros Blues\" \/>\n<meta property=\"og:description\" content=\"D\u00e9couvrez mes films d&rsquo;animation : Super-H\u00e9ros Blues 1 Super-h\u00e9ros Blues 1 \u00ab\u00a0L&rsquo;enl\u00e8vement de Sabine\u00a0\u00bb est le premier film d&rsquo;animation en stop motion r\u00e9alis\u00e9 avec les moyens du bord et un sc\u00e9nario improvis\u00e9. Le film a re\u00e7u 9 r\u00e9compenses, (un Grand prix du Jury) et 5 nominations dans les festivals de courts-m\u00e9trages. Cit\u00e9 dans la presse [&hellip;]\" \/>\n<meta property=\"og:url\" content=\"http:\/\/superherosblues.com\/\" \/>\n<meta property=\"og:site_name\" content=\"Super-H\u00e9ros Blues\" \/>\n<meta property=\"article:modified_time\" content=\"2021-12-14T17:07:31+00:00\" \/>\n<meta name=\"twitter:card\" content=\"summary_large_image\" \/>\n<meta name=\"twitter:label1\" content=\"Dur\u00e9e de lecture estim\u00e9e\" \/>\n\t<meta name=\"twitter:data1\" content=\"2 minutes\" \/>\n<script type=\"application\/ld+json\" class=\"yoast-schema-graph\">{\"@context\":\"https:\\\/\\\/schema.org\",\"@graph\":[{\"@type\":\"WebPage\",\"@id\":\"http:\\\/\\\/superherosblues.com\\\/\",\"url\":\"http:\\\/\\\/superherosblues.com\\\/\",\"name\":\"Super-H\u00e9ros Blues - Super-H\u00e9ros Blues\",\"isPartOf\":{\"@id\":\"http:\\\/\\\/superherosblues.com\\\/#website\"},\"datePublished\":\"2021-12-14T14:58:02+00:00\",\"dateModified\":\"2021-12-14T17:07:31+00:00\",\"breadcrumb\":{\"@id\":\"http:\\\/\\\/superherosblues.com\\\/#breadcrumb\"},\"inLanguage\":\"fr-FR\",\"potentialAction\":[{\"@type\":\"ReadAction\",\"target\":[\"http:\\\/\\\/superherosblues.com\\\/\"]}]},{\"@type\":\"BreadcrumbList\",\"@id\":\"http:\\\/\\\/superherosblues.com\\\/#breadcrumb\",\"itemListElement\":[{\"@type\":\"ListItem\",\"position\":1,\"name\":\"Accueil\",\"item\":\"http:\\\/\\\/superherosblues.com\\\/\"},{\"@type\":\"ListItem\",\"position\":2,\"name\":\"Super-H\u00e9ros Blues\"}]},{\"@type\":\"WebSite\",\"@id\":\"http:\\\/\\\/superherosblues.com\\\/#website\",\"url\":\"http:\\\/\\\/superherosblues.com\\\/\",\"name\":\"Super-H\u00e9ros Blues\",\"description\":\"Films d&#039;animation en Stop Motion\",\"publisher\":{\"@id\":\"http:\\\/\\\/superherosblues.com\\\/#\\\/schema\\\/person\\\/dd181998fdaa30f8278d6ec065651745\"},\"potentialAction\":[{\"@type\":\"SearchAction\",\"target\":{\"@type\":\"EntryPoint\",\"urlTemplate\":\"http:\\\/\\\/superherosblues.com\\\/?s={search_term_string}\"},\"query-input\":{\"@type\":\"PropertyValueSpecification\",\"valueRequired\":true,\"valueName\":\"search_term_string\"}}],\"inLanguage\":\"fr-FR\"},{\"@type\":[\"Person\",\"Organization\"],\"@id\":\"http:\\\/\\\/superherosblues.com\\\/#\\\/schema\\\/person\\\/dd181998fdaa30f8278d6ec065651745\",\"name\":\"admin\",\"image\":{\"@type\":\"ImageObject\",\"inLanguage\":\"fr-FR\",\"@id\":\"https:\\\/\\\/super-heros-blues.com\\\/wp-content\\\/uploads\\\/2021\\\/12\\\/super-heros-blues-3-film.jpg\",\"url\":\"https:\\\/\\\/super-heros-blues.com\\\/wp-content\\\/uploads\\\/2021\\\/12\\\/super-heros-blues-3-film.jpg\",\"contentUrl\":\"https:\\\/\\\/super-heros-blues.com\\\/wp-content\\\/uploads\\\/2021\\\/12\\\/super-heros-blues-3-film.jpg\",\"width\":573,\"height\":382,\"caption\":\"admin\"},\"logo\":{\"@id\":\"https:\\\/\\\/super-heros-blues.com\\\/wp-content\\\/uploads\\\/2021\\\/12\\\/super-heros-blues-3-film.jpg\"},\"sameAs\":[\"https:\\\/\\\/super-heros-blues.com\"]}]}<\/script>\n<!-- \/ Yoast SEO plugin. -->","yoast_head_json":{"title":"Super-H\u00e9ros Blues - Super-H\u00e9ros Blues","robots":{"index":"index","follow":"follow","max-snippet":"max-snippet:-1","max-image-preview":"max-image-preview:large","max-video-preview":"max-video-preview:-1"},"canonical":"http:\/\/superherosblues.com\/","og_locale":"fr_FR","og_type":"article","og_title":"Super-H\u00e9ros Blues - Super-H\u00e9ros Blues","og_description":"D\u00e9couvrez mes films d&rsquo;animation : Super-H\u00e9ros Blues 1 Super-h\u00e9ros Blues 1 \u00ab\u00a0L&rsquo;enl\u00e8vement de Sabine\u00a0\u00bb est le premier film d&rsquo;animation en stop motion r\u00e9alis\u00e9 avec les moyens du bord et un sc\u00e9nario improvis\u00e9. Le film a re\u00e7u 9 r\u00e9compenses, (un Grand prix du Jury) et 5 nominations dans les festivals de courts-m\u00e9trages. Cit\u00e9 dans la presse [&hellip;]","og_url":"http:\/\/superherosblues.com\/","og_site_name":"Super-H\u00e9ros Blues","article_modified_time":"2021-12-14T17:07:31+00:00","twitter_card":"summary_large_image","twitter_misc":{"Dur\u00e9e de lecture estim\u00e9e":"2 minutes"},"schema":{"@context":"https:\/\/schema.org","@graph":[{"@type":"WebPage","@id":"http:\/\/superherosblues.com\/","url":"http:\/\/superherosblues.com\/","name":"Super-H\u00e9ros Blues - Super-H\u00e9ros Blues","isPartOf":{"@id":"http:\/\/superherosblues.com\/#website"},"datePublished":"2021-12-14T14:58:02+00:00","dateModified":"2021-12-14T17:07:31+00:00","breadcrumb":{"@id":"http:\/\/superherosblues.com\/#breadcrumb"},"inLanguage":"fr-FR","potentialAction":[{"@type":"ReadAction","target":["http:\/\/superherosblues.com\/"]}]},{"@type":"BreadcrumbList","@id":"http:\/\/superherosblues.com\/#breadcrumb","itemListElement":[{"@type":"ListItem","position":1,"name":"Accueil","item":"http:\/\/superherosblues.com\/"},{"@type":"ListItem","position":2,"name":"Super-H\u00e9ros Blues"}]},{"@type":"WebSite","@id":"http:\/\/superherosblues.com\/#website","url":"http:\/\/superherosblues.com\/","name":"Super-H\u00e9ros Blues","description":"Films d&#039;animation en Stop Motion","publisher":{"@id":"http:\/\/superherosblues.com\/#\/schema\/person\/dd181998fdaa30f8278d6ec065651745"},"potentialAction":[{"@type":"SearchAction","target":{"@type":"EntryPoint","urlTemplate":"http:\/\/superherosblues.com\/?s={search_term_string}"},"query-input":{"@type":"PropertyValueSpecification","valueRequired":true,"valueName":"search_term_string"}}],"inLanguage":"fr-FR"},{"@type":["Person","Organization"],"@id":"http:\/\/superherosblues.com\/#\/schema\/person\/dd181998fdaa30f8278d6ec065651745","name":"admin","image":{"@type":"ImageObject","inLanguage":"fr-FR","@id":"https:\/\/super-heros-blues.com\/wp-content\/uploads\/2021\/12\/super-heros-blues-3-film.jpg","url":"https:\/\/super-heros-blues.com\/wp-content\/uploads\/2021\/12\/super-heros-blues-3-film.jpg","contentUrl":"https:\/\/super-heros-blues.com\/wp-content\/uploads\/2021\/12\/super-heros-blues-3-film.jpg","width":573,"height":382,"caption":"admin"},"logo":{"@id":"https:\/\/super-heros-blues.com\/wp-content\/uploads\/2021\/12\/super-heros-blues-3-film.jpg"},"sameAs":["https:\/\/super-heros-blues.com"]}]}},"_links":{"self":[{"href":"https:\/\/superherosblues.com\/index.php\/wp-json\/wp\/v2\/pages\/7","targetHints":{"allow":["GET"]}}],"collection":[{"href":"https:\/\/superherosblues.com\/index.php\/wp-json\/wp\/v2\/pages"}],"about":[{"href":"https:\/\/superherosblues.com\/index.php\/wp-json\/wp\/v2\/types\/page"}],"author":[{"embeddable":true,"href":"https:\/\/superherosblues.com\/index.php\/wp-json\/wp\/v2\/users\/1"}],"replies":[{"embeddable":true,"href":"https:\/\/superherosblues.com\/index.php\/wp-json\/wp\/v2\/comments?post=7"}],"version-history":[{"count":8,"href":"https:\/\/superherosblues.com\/index.php\/wp-json\/wp\/v2\/pages\/7\/revisions"}],"predecessor-version":[{"id":28,"href":"https:\/\/superherosblues.com\/index.php\/wp-json\/wp\/v2\/pages\/7\/revisions\/28"}],"wp:attachment":[{"href":"https:\/\/superherosblues.com\/index.php\/wp-json\/wp\/v2\/media?parent=7"}],"curies":[{"name":"wp","href":"https:\/\/api.w.org\/{rel}","templated":true}]}}