{"id":14,"date":"2021-12-14T15:06:15","date_gmt":"2021-12-14T15:06:15","guid":{"rendered":"http:\/\/superherosblues.com\/?page_id=14"},"modified":"2021-12-14T15:06:15","modified_gmt":"2021-12-14T15:06:15","slug":"contact","status":"publish","type":"page","link":"https:\/\/superherosblues.com\/index.php\/contact\/","title":{"rendered":"Contact"},"content":{"rendered":"\n<p>Vous pouvez me contacter via ce formulaire :<\/p>\n\n\n\n<div class=\"wp-block-contact-form-7-contact-form-selector\">\n<div class=\"wpcf7 no-js\" id=\"wpcf7-f4-o1\" lang=\"fr-FR\" dir=\"ltr\" data-wpcf7-id=\"4\">\n<div class=\"screen-reader-response\"><p role=\"status\" aria-live=\"polite\" aria-atomic=\"true\"><\/p> <ul><\/ul><\/div>\n<form action=\"\/index.php\/wp-json\/wp\/v2\/pages\/14#wpcf7-f4-o1\" method=\"post\" class=\"wpcf7-form init\" aria-label=\"Formulaire de contact\" novalidate=\"novalidate\" data-status=\"init\">\n<fieldset class=\"hidden-fields-container\"><input type=\"hidden\" name=\"_wpcf7\" value=\"4\" \/><input type=\"hidden\" name=\"_wpcf7_version\" value=\"6.1.5\" \/><input type=\"hidden\" name=\"_wpcf7_locale\" value=\"fr_FR\" \/><input type=\"hidden\" name=\"_wpcf7_unit_tag\" value=\"wpcf7-f4-o1\" \/><input type=\"hidden\" name=\"_wpcf7_container_post\" value=\"0\" \/><input type=\"hidden\" name=\"_wpcf7_posted_data_hash\" value=\"\" \/><input type=\"hidden\" name=\"_wpcf7_recaptcha_response\" value=\"\" \/>\n<\/fieldset>\n<p><label> Votre nom<br \/>\n<span class=\"wpcf7-form-control-wrap\" data-name=\"your-name\"><input size=\"40\" maxlength=\"400\" class=\"wpcf7-form-control wpcf7-text wpcf7-validates-as-required\" aria-required=\"true\" aria-invalid=\"false\" value=\"\" type=\"text\" name=\"your-name\" \/><\/span> <\/label>\n<\/p>\n<p><label> Votre e-mail<br \/>\n<span class=\"wpcf7-form-control-wrap\" data-name=\"your-email\"><input size=\"40\" maxlength=\"400\" class=\"wpcf7-form-control wpcf7-email wpcf7-validates-as-required wpcf7-text wpcf7-validates-as-email\" aria-required=\"true\" aria-invalid=\"false\" value=\"\" type=\"email\" name=\"your-email\" \/><\/span> <\/label>\n<\/p>\n<p><label> Objet<br \/>\n<span class=\"wpcf7-form-control-wrap\" data-name=\"your-subject\"><input size=\"40\" maxlength=\"400\" class=\"wpcf7-form-control wpcf7-text wpcf7-validates-as-required\" aria-required=\"true\" aria-invalid=\"false\" value=\"\" type=\"text\" name=\"your-subject\" \/><\/span> <\/label>\n<\/p>\n<p><label> Votre message (facultatif)<br \/>\n<span class=\"wpcf7-form-control-wrap\" data-name=\"your-message\"><textarea cols=\"40\" rows=\"10\" maxlength=\"2000\" class=\"wpcf7-form-control wpcf7-textarea\" aria-invalid=\"false\" name=\"your-message\"><\/textarea><\/span> <\/label>\n<\/p>\n<p><input class=\"wpcf7-form-control wpcf7-submit has-spinner\" type=\"submit\" value=\"Envoyer\" \/>\n<\/p><p style=\"display: none !important;\" class=\"akismet-fields-container\" data-prefix=\"_wpcf7_ak_\"><label>&#916;<textarea name=\"_wpcf7_ak_hp_textarea\" cols=\"45\" rows=\"8\" maxlength=\"100\"><\/textarea><\/label><input type=\"hidden\" id=\"ak_js_1\" name=\"_wpcf7_ak_js\" value=\"224\"\/><script>document.getElementById( \"ak_js_1\" ).setAttribute( \"value\", ( new Date() ).getTime() );<\/script><\/p><div class=\"wpcf7-response-output\" aria-hidden=\"true\"><\/div>\n<\/form>\n<\/div>\n<\/div>\n","protected":false},"excerpt":{"rendered":"<p>Vous pouvez me contacter via ce formulaire :<\/p>\n","protected":false},"author":1,"featured_media":0,"parent":0,"menu_order":0,"comment_status":"closed","ping_status":"closed","template":"","meta":{"footnotes":""},"class_list":["post-14","page","type-page","status-publish","hentry"],"yoast_head":"<!-- This site is optimized with the Yoast SEO plugin v27.4 - https:\/\/yoast.com\/product\/yoast-seo-wordpress\/ -->\n<title>Contact - Super-H\u00e9ros Blues<\/title>\n<meta name=\"robots\" content=\"index, follow, max-snippet:-1, max-image-preview:large, max-video-preview:-1\" \/>\n<link rel=\"canonical\" href=\"http:\/\/superherosblues.com\/index.php\/contact\/\" \/>\n<meta property=\"og:locale\" content=\"fr_FR\" \/>\n<meta property=\"og:type\" content=\"article\" \/>\n<meta property=\"og:title\" content=\"Contact - Super-H\u00e9ros Blues\" \/>\n<meta property=\"og:description\" content=\"Vous pouvez me contacter via ce formulaire :\" \/>\n<meta property=\"og:url\" content=\"http:\/\/superherosblues.com\/index.php\/contact\/\" \/>\n<meta property=\"og:site_name\" content=\"Super-H\u00e9ros Blues\" \/>\n<meta name=\"twitter:card\" content=\"summary_large_image\" \/>\n<meta name=\"twitter:label1\" content=\"Dur\u00e9e de lecture estim\u00e9e\" \/>\n\t<meta name=\"twitter:data1\" content=\"1 minute\" \/>\n<script type=\"application\/ld+json\" class=\"yoast-schema-graph\">{\"@context\":\"https:\\\/\\\/schema.org\",\"@graph\":[{\"@type\":\"WebPage\",\"@id\":\"http:\\\/\\\/superherosblues.com\\\/index.php\\\/contact\\\/\",\"url\":\"http:\\\/\\\/superherosblues.com\\\/index.php\\\/contact\\\/\",\"name\":\"Contact - Super-H\u00e9ros Blues\",\"isPartOf\":{\"@id\":\"http:\\\/\\\/superherosblues.com\\\/#website\"},\"datePublished\":\"2021-12-14T15:06:15+00:00\",\"breadcrumb\":{\"@id\":\"http:\\\/\\\/superherosblues.com\\\/index.php\\\/contact\\\/#breadcrumb\"},\"inLanguage\":\"fr-FR\",\"potentialAction\":[{\"@type\":\"ReadAction\",\"target\":[\"http:\\\/\\\/superherosblues.com\\\/index.php\\\/contact\\\/\"]}]},{\"@type\":\"BreadcrumbList\",\"@id\":\"http:\\\/\\\/superherosblues.com\\\/index.php\\\/contact\\\/#breadcrumb\",\"itemListElement\":[{\"@type\":\"ListItem\",\"position\":1,\"name\":\"Accueil\",\"item\":\"http:\\\/\\\/superherosblues.com\\\/\"},{\"@type\":\"ListItem\",\"position\":2,\"name\":\"Contact\"}]},{\"@type\":\"WebSite\",\"@id\":\"http:\\\/\\\/superherosblues.com\\\/#website\",\"url\":\"http:\\\/\\\/superherosblues.com\\\/\",\"name\":\"Super-H\u00e9ros Blues\",\"description\":\"Films d&#039;animation en Stop Motion\",\"publisher\":{\"@id\":\"http:\\\/\\\/superherosblues.com\\\/#\\\/schema\\\/person\\\/dd181998fdaa30f8278d6ec065651745\"},\"potentialAction\":[{\"@type\":\"SearchAction\",\"target\":{\"@type\":\"EntryPoint\",\"urlTemplate\":\"http:\\\/\\\/superherosblues.com\\\/?s={search_term_string}\"},\"query-input\":{\"@type\":\"PropertyValueSpecification\",\"valueRequired\":true,\"valueName\":\"search_term_string\"}}],\"inLanguage\":\"fr-FR\"},{\"@type\":[\"Person\",\"Organization\"],\"@id\":\"http:\\\/\\\/superherosblues.com\\\/#\\\/schema\\\/person\\\/dd181998fdaa30f8278d6ec065651745\",\"name\":\"admin\",\"image\":{\"@type\":\"ImageObject\",\"inLanguage\":\"fr-FR\",\"@id\":\"https:\\\/\\\/super-heros-blues.com\\\/wp-content\\\/uploads\\\/2021\\\/12\\\/super-heros-blues-3-film.jpg\",\"url\":\"https:\\\/\\\/super-heros-blues.com\\\/wp-content\\\/uploads\\\/2021\\\/12\\\/super-heros-blues-3-film.jpg\",\"contentUrl\":\"https:\\\/\\\/super-heros-blues.com\\\/wp-content\\\/uploads\\\/2021\\\/12\\\/super-heros-blues-3-film.jpg\",\"width\":573,\"height\":382,\"caption\":\"admin\"},\"logo\":{\"@id\":\"https:\\\/\\\/super-heros-blues.com\\\/wp-content\\\/uploads\\\/2021\\\/12\\\/super-heros-blues-3-film.jpg\"},\"sameAs\":[\"https:\\\/\\\/super-heros-blues.com\"]}]}<\/script>\n<!-- \/ Yoast SEO plugin. -->","yoast_head_json":{"title":"Contact - Super-H\u00e9ros Blues","robots":{"index":"index","follow":"follow","max-snippet":"max-snippet:-1","max-image-preview":"max-image-preview:large","max-video-preview":"max-video-preview:-1"},"canonical":"http:\/\/superherosblues.com\/index.php\/contact\/","og_locale":"fr_FR","og_type":"article","og_title":"Contact - Super-H\u00e9ros Blues","og_description":"Vous pouvez me contacter via ce formulaire :","og_url":"http:\/\/superherosblues.com\/index.php\/contact\/","og_site_name":"Super-H\u00e9ros Blues","twitter_card":"summary_large_image","twitter_misc":{"Dur\u00e9e de lecture estim\u00e9e":"1 minute"},"schema":{"@context":"https:\/\/schema.org","@graph":[{"@type":"WebPage","@id":"http:\/\/superherosblues.com\/index.php\/contact\/","url":"http:\/\/superherosblues.com\/index.php\/contact\/","name":"Contact - Super-H\u00e9ros Blues","isPartOf":{"@id":"http:\/\/superherosblues.com\/#website"},"datePublished":"2021-12-14T15:06:15+00:00","breadcrumb":{"@id":"http:\/\/superherosblues.com\/index.php\/contact\/#breadcrumb"},"inLanguage":"fr-FR","potentialAction":[{"@type":"ReadAction","target":["http:\/\/superherosblues.com\/index.php\/contact\/"]}]},{"@type":"BreadcrumbList","@id":"http:\/\/superherosblues.com\/index.php\/contact\/#breadcrumb","itemListElement":[{"@type":"ListItem","position":1,"name":"Accueil","item":"http:\/\/superherosblues.com\/"},{"@type":"ListItem","position":2,"name":"Contact"}]},{"@type":"WebSite","@id":"http:\/\/superherosblues.com\/#website","url":"http:\/\/superherosblues.com\/","name":"Super-H\u00e9ros Blues","description":"Films d&#039;animation en Stop Motion","publisher":{"@id":"http:\/\/superherosblues.com\/#\/schema\/person\/dd181998fdaa30f8278d6ec065651745"},"potentialAction":[{"@type":"SearchAction","target":{"@type":"EntryPoint","urlTemplate":"http:\/\/superherosblues.com\/?s={search_term_string}"},"query-input":{"@type":"PropertyValueSpecification","valueRequired":true,"valueName":"search_term_string"}}],"inLanguage":"fr-FR"},{"@type":["Person","Organization"],"@id":"http:\/\/superherosblues.com\/#\/schema\/person\/dd181998fdaa30f8278d6ec065651745","name":"admin","image":{"@type":"ImageObject","inLanguage":"fr-FR","@id":"https:\/\/super-heros-blues.com\/wp-content\/uploads\/2021\/12\/super-heros-blues-3-film.jpg","url":"https:\/\/super-heros-blues.com\/wp-content\/uploads\/2021\/12\/super-heros-blues-3-film.jpg","contentUrl":"https:\/\/super-heros-blues.com\/wp-content\/uploads\/2021\/12\/super-heros-blues-3-film.jpg","width":573,"height":382,"caption":"admin"},"logo":{"@id":"https:\/\/super-heros-blues.com\/wp-content\/uploads\/2021\/12\/super-heros-blues-3-film.jpg"},"sameAs":["https:\/\/super-heros-blues.com"]}]}},"_links":{"self":[{"href":"https:\/\/superherosblues.com\/index.php\/wp-json\/wp\/v2\/pages\/14","targetHints":{"allow":["GET"]}}],"collection":[{"href":"https:\/\/superherosblues.com\/index.php\/wp-json\/wp\/v2\/pages"}],"about":[{"href":"https:\/\/superherosblues.com\/index.php\/wp-json\/wp\/v2\/types\/page"}],"author":[{"embeddable":true,"href":"https:\/\/superherosblues.com\/index.php\/wp-json\/wp\/v2\/users\/1"}],"replies":[{"embeddable":true,"href":"https:\/\/superherosblues.com\/index.php\/wp-json\/wp\/v2\/comments?post=14"}],"version-history":[{"count":1,"href":"https:\/\/superherosblues.com\/index.php\/wp-json\/wp\/v2\/pages\/14\/revisions"}],"predecessor-version":[{"id":15,"href":"https:\/\/superherosblues.com\/index.php\/wp-json\/wp\/v2\/pages\/14\/revisions\/15"}],"wp:attachment":[{"href":"https:\/\/superherosblues.com\/index.php\/wp-json\/wp\/v2\/media?parent=14"}],"curies":[{"name":"wp","href":"https:\/\/api.w.org\/{rel}","templated":true}]}}